{"id":56,"date":"2022-04-20T06:37:11","date_gmt":"2022-04-20T06:37:11","guid":{"rendered":"https:\/\/koiravaljakkoyrittajat.fi\/?page_id=56"},"modified":"2025-10-27T14:25:53","modified_gmt":"2025-10-27T14:25:53","slug":"arkisto","status":"publish","type":"page","link":"https:\/\/koiravaljakkoyrittajat.fi\/index.php\/arkisto\/","title":{"rendered":"Linkkej\u00e4:"},"content":{"rendered":"\n<p><br>Laki el\u00e4inten hyvinvoinnista: <\/p>\n\n\n\n<p><a href=\"https:\/\/www.finlex.fi\/fi\/laki\/alkup\/2023\/20230693\">https:\/\/www.finlex.fi\/fi\/laki\/alkup\/2023\/20230693<\/a><\/p>\n\n\n\n<p>Koiravaljakkopalveluiden turvallisuusohje: <\/p>\n\n\n\n<p><a href=\"https:\/\/tukes.fi\/koiravaljakkopalveluiden-turvallisuusohje\">https:\/\/tukes.fi\/koiravaljakkopalveluiden-turvallisuusohje<\/a><\/p>\n\n\n\n<p>Tukes:n ohjeet vapaa-ajan palveluiden \/ ohjelmapalveluiden turvallisuudesta (laki tullut voimaan 05\/2025):<\/p>\n\n\n\n<p><a href=\"https:\/\/tukes.fi\/tuotteet-ja-palvelut\/vapaa-ajan-palveluiden-turvallisuus#e3318be9\">https:\/\/tukes.fi\/tuotteet-ja-palvelut\/vapaa-ajan-palveluiden-turvallisuus#e3318be9<\/a><\/p>\n\n\n\n<p>Verkkokoulutus (Tukes) asiakasturvallisuudesta vapaa-ajan palveluissa:<\/p>\n\n\n\n<p><a href=\"https:\/\/kampus.tukes.fi\/course\/view.php?id=223#section-0\">https:\/\/kampus.tukes.fi\/course\/view.php?id=223#section-0<\/a><\/p>\n\n\n\n<p>El\u00e4intenpitopaikkarekisteri, johon kaikkien ammattimaisesti harrastusel\u00e4imi\u00e4 pit\u00e4vien tulee koirien pitopaikka \/-paikat rekister\u00f6id\u00e4 (jos yli 6 kk ik\u00e4isi\u00e4 koiria on 7 tai enemm\u00e4n):<a href=\"https:\/\/epr.ruokavirasto.fi\/front-page\"> <\/a> <a href=\"https:\/\/epr.ruokavirasto.fi\/front-page\" data-type=\"link\" data-id=\"https:\/\/epr.ruokavirasto.fi\/front-page\">https:\/\/epr.ruokavirasto.fi\/front-page<\/a><\/p>\n\n\n\n<p>Tarkemmin tietoa el\u00e4intenpitopaikkarekisterist\u00e4 l\u00f6ytyy t\u00e4\u00e4lt\u00e4: <a href=\"https:\/\/www.ruokavirasto.fi\/elaimet\/oppaat\/ilmoituksenvarainen-elaintenpito-ja-muu-toiminta\/ilmoituksenvarainen-elaintenpito-ja-muu-toiminta\/\" data-type=\"link\" data-id=\"https:\/\/www.ruokavirasto.fi\/elaimet\/oppaat\/ilmoituksenvarainen-elaintenpito-ja-muu-toiminta\/ilmoituksenvarainen-elaintenpito-ja-muu-toiminta\/\">https:\/\/www.ruokavirasto.fi\/elaimet\/oppaat\/ilmoituksenvarainen-elaintenpito-ja-muu-toiminta\/ilmoituksenvarainen-elaintenpito-ja-muu-toiminta\/<\/a><\/p>\n\n\n\n<p>Alihankintasopimuksia tekevi\u00e4 yrityksi\u00e4 koskevasta tilaajavastuulaista l\u00f6ytyy tietoa Avin sivuilta: <a href=\"https:\/\/avi.fi\/tiedote\/-\/tiedote\/70288383\" data-type=\"link\" data-id=\"https:\/\/avi.fi\/tiedote\/-\/tiedote\/70288383\">https:\/\/avi.fi\/tiedote\/-\/tiedote\/70288383<\/a><\/p>\n\n\n\n<p><\/p>\n","protected":false},"excerpt":{"rendered":"<p>Laki el\u00e4inten hyvinvoinnista: https:\/\/www.finlex.fi\/fi\/laki\/alkup\/2023\/20230693 Koiravaljakkopalveluiden turvallisuusohje: https:\/\/tukes.fi\/koiravaljakkopalveluiden-turvallisuusohje Tukes:n ohjeet vapaa-ajan palveluiden \/ ohjelmapalveluiden turvallisuudesta (laki tullut voimaan 05\/2025): https:\/\/tukes.fi\/tuotteet-ja-palvelut\/vapaa-ajan-palveluiden-turvallisuus#e3318be9 Verkkokoulutus (Tukes) asiakasturvallisuudesta vapaa-ajan palveluissa: https:\/\/kampus.tukes.fi\/course\/view.php?id=223#section-0 El\u00e4intenpitopaikkarekisteri, johon kaikkien ammattimaisesti harrastusel\u00e4imi\u00e4 pit\u00e4vien tulee koirien pitopaikka \/-paikat rekister\u00f6id\u00e4 (jos yli 6 kk ik\u00e4isi\u00e4 koiria on 7 tai enemm\u00e4n): https:\/\/epr.ruokavirasto.fi\/front-page Tarkemmin tietoa el\u00e4intenpitopaikkarekisterist\u00e4 l\u00f6ytyy t\u00e4\u00e4lt\u00e4: https:\/\/www.ruokavirasto.fi\/elaimet\/oppaat\/ilmoituksenvarainen-elaintenpito-ja-muu-toiminta\/ilmoituksenvarainen-elaintenpito-ja-muu-toiminta\/ Alihankintasopimuksia tekevi\u00e4 &hellip; <\/p>\n<p class=\"link-more\"><a href=\"https:\/\/koiravaljakkoyrittajat.fi\/index.php\/arkisto\/\" class=\"more-link\">Jatka lukemista<span class=\"screen-reader-text\"> &#8221;Linkkej\u00e4:&#8221;<\/span><\/a><\/p>\n","protected":false},"author":1,"featured_media":57,"parent":0,"menu_order":0,"comment_status":"closed","ping_status":"closed","template":"","meta":{"footnotes":""},"class_list":["post-56","page","type-page","status-publish","has-post-thumbnail","hentry"],"_links":{"self":[{"href":"https:\/\/koiravaljakkoyrittajat.fi\/index.php\/wp-json\/wp\/v2\/pages\/56","targetHints":{"allow":["GET"]}}],"collection":[{"href":"https:\/\/koiravaljakkoyrittajat.fi\/index.php\/wp-json\/wp\/v2\/pages"}],"about":[{"href":"https:\/\/koiravaljakkoyrittajat.fi\/index.php\/wp-json\/wp\/v2\/types\/page"}],"author":[{"embeddable":true,"href":"https:\/\/koiravaljakkoyrittajat.fi\/index.php\/wp-json\/wp\/v2\/users\/1"}],"replies":[{"embeddable":true,"href":"https:\/\/koiravaljakkoyrittajat.fi\/index.php\/wp-json\/wp\/v2\/comments?post=56"}],"version-history":[{"count":15,"href":"https:\/\/koiravaljakkoyrittajat.fi\/index.php\/wp-json\/wp\/v2\/pages\/56\/revisions"}],"predecessor-version":[{"id":192,"href":"https:\/\/koiravaljakkoyrittajat.fi\/index.php\/wp-json\/wp\/v2\/pages\/56\/revisions\/192"}],"wp:featuredmedia":[{"embeddable":true,"href":"https:\/\/koiravaljakkoyrittajat.fi\/index.php\/wp-json\/wp\/v2\/media\/57"}],"wp:attachment":[{"href":"https:\/\/koiravaljakkoyrittajat.fi\/index.php\/wp-json\/wp\/v2\/media?parent=56"}],"curies":[{"name":"wp","href":"https:\/\/api.w.org\/{rel}","templated":true}]}}