{"id":49,"date":"2022-04-20T06:29:33","date_gmt":"2022-04-20T06:29:33","guid":{"rendered":"https:\/\/koiravaljakkoyrittajat.fi\/?page_id=49"},"modified":"2024-06-25T17:59:29","modified_gmt":"2024-06-25T17:59:29","slug":"yhdistyksen-saannot","status":"publish","type":"page","link":"https:\/\/koiravaljakkoyrittajat.fi\/index.php\/yhdistyksen-saannot\/","title":{"rendered":"Yhdistyksen s\u00e4\u00e4nn\u00f6t"},"content":{"rendered":"\n<h3 class=\"wp-block-heading\">Suomen koiravaljakkoyritt\u00e4j\u00e4t ry s\u00e4\u00e4nn\u00f6t<\/h3>\n\n\n\n<ol class=\"wp-block-list\">\n<li><strong>Yhdistyksen nimi ja kotipaikka:<\/strong> Yhdistyksen nimi on Suomen koiravaljakkoyritt\u00e4j\u00e4t RY ja sen kotipaikka on Lieksa<\/li>\n\n\n\n<li><strong>Tarkoitus ja toiminnan laatu: <\/strong>Yhdistyksen tarkoituksena on valvoa koiravaljakkoyritt\u00e4jien \/ ohjelmapalveluiden alalla toimivien ammatinharjoittajien yleisi\u00e4 ja yhteisi\u00e4 ammatinharjoittamiseen liittyvi\u00e4 etuja, edist\u00e4\u00e4 j\u00e4sentens\u00e4 v\u00e4list\u00e4 yhteistoimintaa ja parantaa alan yleisi\u00e4 toimintaedellytyksi\u00e4. Tarkoituksensa toteuttamiseksi yhdistys seuraa alan taloudellista kehityst\u00e4 ja lains\u00e4\u00e4d\u00e4nt\u00f6\u00e4 sek\u00e4 tekee n\u00e4ihin liittyvi\u00e4 aloitteita, esityksi\u00e4 ja antaa lausuntoja. Yhdistys ohjaa ja neuvoo j\u00e4seni\u00e4\u00e4n ammatinharjoittamiseen liittyviss\u00e4 asioissa j\u00e4rjest\u00e4m\u00e4ll\u00e4 kokouksia, neuvontatilaisuuksia ja koulutusta sek\u00e4 laatimalla tarvittavia asiaa koskevia selvityksi\u00e4. Toimintansa tukemiseksi yhdistys voi ottaa vastaan lahjoituksia ja testamentteja, omistaa toimintaansa varten tarpeellista kiinte\u00e4\u00e4 omaisuutta sek\u00e4 toimeenpanna asianomaisen luvan saatuaan arpajaisia ja rahanker\u00e4yksi\u00e4.<\/li>\n\n\n\n<li><strong>Liittymis- ja j\u00e4senmaksu: <\/strong>J\u00e4senilt\u00e4 peritt\u00e4v\u00e4n liittymismaksun ja vuotuisen j\u00e4senmaksun suuruudesta p\u00e4\u00e4tt\u00e4\u00e4 vuosikokous.<\/li>\n\n\n\n<li><strong>Hallitus: <\/strong>Yhdistyksen asioita hoitaa hallitus, johon kuuluu vuosikokouksessa valitut puheenjohtaja ja 6 muuta varsinaista j\u00e4sent\u00e4 sek\u00e4 1 varaj\u00e4sen. Hallituksen toimikausi on vuosikokousten v\u00e4linen aika.<\/li>\n\n\n\n<li><strong>Yhdistyksen nimen kirjoittaminen: <\/strong>Yhdistyksen nimen kirjoittaa hallituksen puheenjohtaja, varapuheenjohtaja, sihteeri tai rahastonhoitaja, kukin yksin.<\/li>\n\n\n\n<li><strong>Tilikausi: <\/strong>Yhdistyksen tilikausi on kalenterivuosi. <\/li>\n\n\n\n<li><strong>Yhdistyksen kokoukset:<\/strong> Yhdistyksen vuosikokous pidet\u00e4\u00e4n vuosittain hallituksen m\u00e4\u00e4r\u00e4\u00e4m\u00e4n\u00e4 p\u00e4iv\u00e4n\u00e4 tammi-toukokuussa. Vuosikokouksessa p\u00e4\u00e4tet\u00e4\u00e4n tilinp\u00e4\u00e4t\u00f6ksen vahvistamisesta ja vastuuvapauden my\u00f6nt\u00e4misest\u00e4 hallitukselle ja muille vastuuvelvollisille, valitaan puheenjohtaja ja muut hallituksen j\u00e4senet sek\u00e4 valitaan yksi tai kaksi toiminnantarkastajaa ja varatoiminnantarkastajaa taikka yksi tai kaksi tilintarkastajaa ja varatilintarkastajaa.<\/li>\n\n\n\n<li><strong>Yhdistyksen kokousten koollekutsuminen: <\/strong>Hallituksen on kutsuttava yhdistyksen kokoukset koolle v\u00e4hint\u00e4\u00e4n seitsem\u00e4n vuorokautta ennen kokousta j\u00e4senille postitetuilla kirjeill\u00e4 tai s\u00e4hk\u00f6postitse.<\/li>\n\n\n\n<li><strong>Varojen k\u00e4ytt\u00f6 yhdistyksen purkautuessa: <\/strong>Yhdistyksen purkautuessa k\u00e4ytet\u00e4\u00e4n yhdistyksen varat yhdistyksen tarkoituksen edist\u00e4miseen purkamisesta p\u00e4\u00e4tt\u00e4v\u00e4n kokouksen m\u00e4\u00e4r\u00e4\u00e4m\u00e4ll\u00e4 tavalla. Yhdistyksen tullessa lakkautetuksi k\u00e4ytet\u00e4\u00e4n sen varat samaan tarkoitukseen.<\/li>\n<\/ol>\n","protected":false},"excerpt":{"rendered":"<p>Suomen koiravaljakkoyritt\u00e4j\u00e4t ry s\u00e4\u00e4nn\u00f6t<\/p>\n","protected":false},"author":1,"featured_media":50,"parent":0,"menu_order":0,"comment_status":"closed","ping_status":"closed","template":"","meta":{"footnotes":""},"class_list":["post-49","page","type-page","status-publish","has-post-thumbnail","hentry"],"_links":{"self":[{"href":"https:\/\/koiravaljakkoyrittajat.fi\/index.php\/wp-json\/wp\/v2\/pages\/49","targetHints":{"allow":["GET"]}}],"collection":[{"href":"https:\/\/koiravaljakkoyrittajat.fi\/index.php\/wp-json\/wp\/v2\/pages"}],"about":[{"href":"https:\/\/koiravaljakkoyrittajat.fi\/index.php\/wp-json\/wp\/v2\/types\/page"}],"author":[{"embeddable":true,"href":"https:\/\/koiravaljakkoyrittajat.fi\/index.php\/wp-json\/wp\/v2\/users\/1"}],"replies":[{"embeddable":true,"href":"https:\/\/koiravaljakkoyrittajat.fi\/index.php\/wp-json\/wp\/v2\/comments?post=49"}],"version-history":[{"count":2,"href":"https:\/\/koiravaljakkoyrittajat.fi\/index.php\/wp-json\/wp\/v2\/pages\/49\/revisions"}],"predecessor-version":[{"id":150,"href":"https:\/\/koiravaljakkoyrittajat.fi\/index.php\/wp-json\/wp\/v2\/pages\/49\/revisions\/150"}],"wp:featuredmedia":[{"embeddable":true,"href":"https:\/\/koiravaljakkoyrittajat.fi\/index.php\/wp-json\/wp\/v2\/media\/50"}],"wp:attachment":[{"href":"https:\/\/koiravaljakkoyrittajat.fi\/index.php\/wp-json\/wp\/v2\/media?parent=49"}],"curies":[{"name":"wp","href":"https:\/\/api.w.org\/{rel}","templated":true}]}}