{"id":43,"date":"2022-04-20T06:21:09","date_gmt":"2022-04-20T06:21:09","guid":{"rendered":"https:\/\/koiravaljakkoyrittajat.fi\/?page_id=43"},"modified":"2025-08-13T17:02:14","modified_gmt":"2025-08-13T17:02:14","slug":"jaseneksi","status":"publish","type":"page","link":"https:\/\/koiravaljakkoyrittajat.fi\/index.php\/jaseneksi\/","title":{"rendered":"J\u00e4seneksi"},"content":{"rendered":"\n<p><strong>Suomen koiravaljakkoyritt\u00e4j\u00e4t ry:n<\/strong> tarkoitus on valvoa koiravaljakko-ohjelmapalveluiden alalla toimivien ammatinharjoittajien yleisi\u00e4 ja yhteisi\u00e4 ammatinharjoittamiseen liittyvi\u00e4 etuja, edist\u00e4\u00e4 j\u00e4sentens\u00e4 v\u00e4list\u00e4 yhteistoimintaa, ja parantaa alan yleisi\u00e4 toimintaedellytyksi\u00e4.<\/p>\n\n\n\n<p>Tarkoituksensa toteuttamiseksi yhdistys seuraa alan taloudellista kehityst\u00e4 ja<br>lains\u00e4\u00e4d\u00e4nt\u00f6\u00e4, sek\u00e4 tekee n\u00e4ihin liittyvi\u00e4 aloitteita, esityksi\u00e4 ja antaa lausuntoja.<br>Yhdistys on perustettu 1.9.2020 ja kirjattu yhdistysrekisteriin 15.10.2020.<\/p>\n\n\n\n<p>J\u00e4seneksi voi liitty\u00e4 l\u00e4hett\u00e4m\u00e4ll\u00e4 j\u00e4senhakemuksen s\u00e4hk\u00f6postitse osoitteeseen: toimisto@koiravaljakkoyrittajat.fi  Taustatiedoiksi tarvitsemme yrityksen nimen, y-tunnuksen, osoitteen, yritt\u00e4j\u00e4n \/ toimitusjohtajan nimen ja puhelinnumeron sek\u00e4 s\u00e4hk\u00f6postiosoitteen.<\/p>\n\n\n\n<h3 class=\"wp-block-heading\">J\u00e4senmaksu <\/h3>\n\n\n\n<p>Yhdistyksen j\u00e4senmaksu vuonna 2026 on 200 \u20ac \/ vuosi varsinainen j\u00e4sen.<br><\/p>\n\n\n\n<p>Seuraava vuosikokous pidet\u00e4\u00e4n 23.5.2026 Rovaniemell\u00e4 Lapland Hotels Sky Ounasvaaralla.<\/p>\n","protected":false},"excerpt":{"rendered":"<p>Suomen koiravaljakkoyritt\u00e4j\u00e4t ry:n tarkoitus on valvoa koiravaljakko-ohjelmapalveluiden alalla toimivien ammatinharjoittajien yleisi\u00e4 ja yhteisi\u00e4 ammatinharjoittamiseen liittyvi\u00e4 etuja, edist\u00e4\u00e4 j\u00e4sentens\u00e4 v\u00e4list\u00e4 yhteistoimintaa, ja parantaa alan yleisi\u00e4 toimintaedellytyksi\u00e4. Tarkoituksensa toteuttamiseksi yhdistys seuraa alan taloudellista kehityst\u00e4 jalains\u00e4\u00e4d\u00e4nt\u00f6\u00e4, sek\u00e4 tekee n\u00e4ihin liittyvi\u00e4 aloitteita, esityksi\u00e4 ja antaa lausuntoja.Yhdistys on perustettu 1.9.2020 ja kirjattu yhdistysrekisteriin 15.10.2020. J\u00e4seneksi voi liitty\u00e4 l\u00e4hett\u00e4m\u00e4ll\u00e4 j\u00e4senhakemuksen s\u00e4hk\u00f6postitse &hellip; <\/p>\n<p class=\"link-more\"><a href=\"https:\/\/koiravaljakkoyrittajat.fi\/index.php\/jaseneksi\/\" class=\"more-link\">Jatka lukemista<span class=\"screen-reader-text\"> &#8221;J\u00e4seneksi&#8221;<\/span><\/a><\/p>\n","protected":false},"author":1,"featured_media":44,"parent":0,"menu_order":0,"comment_status":"closed","ping_status":"closed","template":"","meta":{"footnotes":""},"class_list":["post-43","page","type-page","status-publish","has-post-thumbnail","hentry"],"_links":{"self":[{"href":"https:\/\/koiravaljakkoyrittajat.fi\/index.php\/wp-json\/wp\/v2\/pages\/43","targetHints":{"allow":["GET"]}}],"collection":[{"href":"https:\/\/koiravaljakkoyrittajat.fi\/index.php\/wp-json\/wp\/v2\/pages"}],"about":[{"href":"https:\/\/koiravaljakkoyrittajat.fi\/index.php\/wp-json\/wp\/v2\/types\/page"}],"author":[{"embeddable":true,"href":"https:\/\/koiravaljakkoyrittajat.fi\/index.php\/wp-json\/wp\/v2\/users\/1"}],"replies":[{"embeddable":true,"href":"https:\/\/koiravaljakkoyrittajat.fi\/index.php\/wp-json\/wp\/v2\/comments?post=43"}],"version-history":[{"count":9,"href":"https:\/\/koiravaljakkoyrittajat.fi\/index.php\/wp-json\/wp\/v2\/pages\/43\/revisions"}],"predecessor-version":[{"id":188,"href":"https:\/\/koiravaljakkoyrittajat.fi\/index.php\/wp-json\/wp\/v2\/pages\/43\/revisions\/188"}],"wp:featuredmedia":[{"embeddable":true,"href":"https:\/\/koiravaljakkoyrittajat.fi\/index.php\/wp-json\/wp\/v2\/media\/44"}],"wp:attachment":[{"href":"https:\/\/koiravaljakkoyrittajat.fi\/index.php\/wp-json\/wp\/v2\/media?parent=43"}],"curies":[{"name":"wp","href":"https:\/\/api.w.org\/{rel}","templated":true}]}}