{"id":20,"date":"2024-06-25T21:00:37","date_gmt":"2024-06-25T21:00:37","guid":{"rendered":"https:\/\/koiravaljakkoyrittajat.fi\/?page_id=20"},"modified":"2026-05-07T13:31:33","modified_gmt":"2026-05-07T13:31:33","slug":"jasenyritykset","status":"publish","type":"page","link":"https:\/\/koiravaljakkoyrittajat.fi\/index.php\/jasenyritykset\/","title":{"rendered":"J\u00e4senyritykset"},"content":{"rendered":"\n<p>N\u00e4ihin j\u00e4senlistan yrityksiin on tehty tarkastukset valvontael\u00e4inl\u00e4\u00e4k\u00e4rin toimesta. Tarkastuksissa on todettu, ett\u00e4 toiminta t\u00e4ytt\u00e4\u00e4 voimassa olevat el\u00e4inten hyvinvointia koskevat vaatimukset ja ett\u00e4 koirien olosuhteet ovat asianmukaiset. <\/p>\n\n\n\n<p><\/p>\n\n\n\n<div class=\"wp-block-group\"><div class=\"wp-block-group__inner-container is-layout-constrained wp-block-group-is-layout-constrained\">\n<div class=\"wp-block-group\"><div class=\"wp-block-group__inner-container is-layout-constrained wp-block-group-is-layout-constrained\">\n<div class=\"wp-block-group\"><div class=\"wp-block-group__inner-container is-layout-constrained wp-block-group-is-layout-constrained\">\n<p>All Huskies Oy \u2013 <a href=\"http:\/\/www.allhuskies.fi\" target=\"_blank\" rel=\"noreferrer noopener\">www.allhuskies.fi<\/a><\/p>\n\n\n\n<p>Backwoods Husky \u2013 <a href=\"http:\/\/www.backwoodshusky.com\" target=\"_blank\" rel=\"noreferrer noopener\">www.backwoodshusky.com<\/a><\/p>\n\n\n\n<p>Powerun Oy \u2013 <a href=\"http:\/\/www.powerun.fi\" target=\"_blank\" rel=\"noreferrer noopener\">www.powerun.fi<\/a><\/p>\n\n\n\n<p>T-husky \u2013 <a href=\"http:\/\/www.facebook.com\/thuskysiberians\" target=\"_blank\" rel=\"noreferrer noopener\">Facebook: thuskysiberians<\/a><\/p>\n<\/div><\/div>\n\n\n\n<p>T:mi Vuokko Liimatta \u2013 <a href=\"http:\/\/www.lapinvuokonkennel.fi\" target=\"_blank\" rel=\"noreferrer noopener\">www.lapinvuokonkennel.fi<\/a><\/p>\n\n\n\n<p>Lammintupa Oy &#8211;<a href=\"http:\/\/www.lammintupa.fi\"> www.lammintupa.fi<\/a><\/p>\n\n\n\n<p>Taikakallio Oy <a href=\"http:\/\/www.taikakallio.fi\">www.taikakallio.fi<\/a><\/p>\n\n\n\n<p>Snowhuskies tmi &#8211; <a href=\"http:\/\/www.snow-huskies.com\">www.snow-huskies.com<\/a><\/p>\n\n\n\n<p>Borealis K9<\/p>\n\n\n\n<p>Pahkala Ranch Oy &#8211; <a href=\"http:\/\/www.pahkalaranch.fi\">www.pahkalaranch.fi<\/a><\/p>\n\n\n\n<p>Pallas Husky Oy &#8211; <a href=\"http:\/\/www.pallashusky.com\">www.pallashusky.com<\/a><\/p>\n\n\n\n<p>Happy Huskies Oy &#8211; <a href=\"http:\/\/happyhuskies.fi\">www.happyhuskies.fi<\/a><\/p>\n\n\n\n<p>Kota-Husky Oy &#8211; <a href=\"https:\/\/www.kota-husky.com\">www.kota-husky.com<\/a> <\/p>\n\n\n\n<p>Toimintaterapia K\u00e4p\u00e4l\u00e4m\u00e4ki \/ Hidden Trail Huskies &#8211; <a href=\"https:\/\/www.toimintaterapiakapalamaki.net\">www.toimintaterapiakapalamaki.net<\/a><\/p>\n<\/div><\/div>\n<\/div><\/div>\n\n\n\n<p><\/p>\n\n\n\n<p><\/p>\n\n\n\n<p><\/p>\n\n\n\n<p><\/p>\n\n\n\n<p><\/p>\n","protected":false},"excerpt":{"rendered":"<p>N\u00e4ihin j\u00e4senlistan yrityksiin on tehty tarkastukset valvontael\u00e4inl\u00e4\u00e4k\u00e4rin toimesta. Tarkastuksissa on todettu, ett\u00e4 toiminta t\u00e4ytt\u00e4\u00e4 voimassa olevat el\u00e4inten hyvinvointia koskevat vaatimukset ja ett\u00e4 koirien olosuhteet ovat asianmukaiset. All Huskies Oy \u2013 www.allhuskies.fi Backwoods Husky \u2013 www.backwoodshusky.com Powerun Oy \u2013 www.powerun.fi T-husky \u2013 Facebook: thuskysiberians T:mi Vuokko Liimatta \u2013 www.lapinvuokonkennel.fi Lammintupa Oy &#8211; www.lammintupa.fi Taikakallio Oy www.taikakallio.fi &hellip; <\/p>\n<p class=\"link-more\"><a href=\"https:\/\/koiravaljakkoyrittajat.fi\/index.php\/jasenyritykset\/\" class=\"more-link\">Jatka lukemista<span class=\"screen-reader-text\"> &#8221;J\u00e4senyritykset&#8221;<\/span><\/a><\/p>\n","protected":false},"author":1,"featured_media":0,"parent":0,"menu_order":0,"comment_status":"closed","ping_status":"closed","template":"","meta":{"footnotes":""},"class_list":["post-20","page","type-page","status-publish","hentry"],"_links":{"self":[{"href":"https:\/\/koiravaljakkoyrittajat.fi\/index.php\/wp-json\/wp\/v2\/pages\/20","targetHints":{"allow":["GET"]}}],"collection":[{"href":"https:\/\/koiravaljakkoyrittajat.fi\/index.php\/wp-json\/wp\/v2\/pages"}],"about":[{"href":"https:\/\/koiravaljakkoyrittajat.fi\/index.php\/wp-json\/wp\/v2\/types\/page"}],"author":[{"embeddable":true,"href":"https:\/\/koiravaljakkoyrittajat.fi\/index.php\/wp-json\/wp\/v2\/users\/1"}],"replies":[{"embeddable":true,"href":"https:\/\/koiravaljakkoyrittajat.fi\/index.php\/wp-json\/wp\/v2\/comments?post=20"}],"version-history":[{"count":10,"href":"https:\/\/koiravaljakkoyrittajat.fi\/index.php\/wp-json\/wp\/v2\/pages\/20\/revisions"}],"predecessor-version":[{"id":211,"href":"https:\/\/koiravaljakkoyrittajat.fi\/index.php\/wp-json\/wp\/v2\/pages\/20\/revisions\/211"}],"wp:attachment":[{"href":"https:\/\/koiravaljakkoyrittajat.fi\/index.php\/wp-json\/wp\/v2\/media?parent=20"}],"curies":[{"name":"wp","href":"https:\/\/api.w.org\/{rel}","templated":true}]}}