{"id":161,"date":"2024-09-06T19:26:21","date_gmt":"2024-09-06T19:26:21","guid":{"rendered":"https:\/\/koiravaljakkoyrittajat.fi\/?page_id=161"},"modified":"2024-09-06T19:26:21","modified_gmt":"2024-09-06T19:26:21","slug":"alaskanhusky","status":"publish","type":"page","link":"https:\/\/koiravaljakkoyrittajat.fi\/index.php\/alaskanhusky\/","title":{"rendered":"Alaskanhusky"},"content":{"rendered":"\n<p>Alaskanhusky on rekikoira tyyppi, joka ei ole rekister\u00f6ity miss\u00e4\u00e4n maassa omaksi rodukseen, mutta se tunnustetaan ja tunnistetaan rekikoirapiireiss\u00e4 hyvinkin selv\u00e4sti omaksi koiratyypiksi. Alaskanhuskylla ei ole siis rotum\u00e4\u00e4ritelm\u00e4\u00e4 siin\u00e4 mieless\u00e4 kuin rotukoiramaailmassa rotum\u00e4\u00e4ritelm\u00e4t k\u00e4sitet\u00e4\u00e4n, vaan alaskanhuskyn m\u00e4\u00e4ritelm\u00e4 tulee sen k\u00e4ytt\u00f6tarkoituksen mukaan, se on jalostettu vet\u00e4m\u00e4\u00e4n reke\u00e4. Tyypillinen alaskanhusky on kooltaan noin n. 20-30 kg, tiivisturkkinen, valpas ja sosiaalinen koira, joka on hyvin laumaorientoitunut ja on parhaimmillaan yleens\u00e4 juurikin saman tyyppisten koirien kanssa  laumassa juostessaan. Alaskanhusky on urheilullinen koira, joka vaatii paljon liikuntaa. Nimens\u00e4 mukaisesti sen alkuper\u00e4t juontavat juurensa Alaskaan, jossa alaskanhuskyn juuret ylt\u00e4v\u00e4t 1800-luvun lopulle; se on alkuper\u00e4lt\u00e4\u00e4n intiaanien kyl\u00e4koirien perua, jota on k\u00e4ytetty rekikoirana vuosisatojen ajan. Alkuper\u00e4iset alaskanhuskyt olivat kooltaan isompia ja raskasrakenteisempia, ja alaskanhuskyn tyyppi alkoi muotoutua kevyemm\u00e4ksi 1900 luvun alkupuolella. <strong> <\/strong><\/p>\n\n\n\n<p>Alaskanhuskya kasvatetaan ja jalostetaan kest\u00e4vyys ja terve rakenne edell\u00e4, ei niink\u00e4\u00e4n ulkomuodollisten seikkojen valossa. Koska rotua k\u00e4ytet\u00e4\u00e4n paljon my\u00f6s rekikoirakilpailuissa, nopeus on my\u00f6s yksi merkitt\u00e4v\u00e4 jalostuskriteeri.  Vaikka alaskanhusky ei ole rotukoira, se ei tarkoita, etteik\u00f6 niiden sukutaulut olisi kasvattajilla tiedossa. Kaikilla kasvattajilla ei ole kennelnime\u00e4, mutta koiran nimen per\u00e4ss\u00e4 on yleens\u00e4 kasvattajan nimi, joka kertoo, mist\u00e4 koira on per\u00e4isin. Netiss\u00e4 on muutama sivusto, joista alaskanhuskien sukutauluja voi l\u00f6yt\u00e4\u00e4, mutta suurimmalla osalla kasvattajista sukutaulut ovat omissa arkistoissaan.  Jokaisella alaskanhusky kasvattajalla on tiedossa yli 7 sukupolven ylt\u00e4v\u00e4 sukutaulu.  Alaskanhuskyn kasvatus liittyy aidosti sen k\u00e4ytt\u00f6ominaisuuksien vaalimiseen, ja kasvattajat tekev\u00e4t paljon yhteisty\u00f6t\u00e4, jotta koiratyyppi pysyy yhten\u00e4isen\u00e4 kuitenkaan ajamatta sukuja liian ahtaalle. Eli jatkuvasti tarvitaan my\u00f6s mannerten v\u00e4list\u00e4 yhteisty\u00f6t\u00e4 ja koiria tuodaan jalostusmieless\u00e4 edelleen Alaskasta meille.  <\/p>\n\n\n\n<p>Usein t\u00f6rm\u00e4t\u00e4\u00e4n ajatukseen, ett\u00e4 alaskanhusky on kuin mik\u00e4 tahansa sekarotuinen koira, jossa voi olla mit\u00e4 vain taustalla tai ett\u00e4 ne ovat lyhyt turkkisia eiv\u00e4tk\u00e4 sovellu talvisiin olosuhteisiin. Molemmat v\u00e4itteet ovat moneltakin kantilta t\u00e4ysin v\u00e4\u00e4ri\u00e4. Vaikka alaskanhusky on perim\u00e4lt\u00e4\u00e4n sekarotuinen, se on t\u00e4n\u00e4 p\u00e4iv\u00e4n\u00e4 oma koiratyyppins\u00e4, jonka taustat ovat hyvin tiedossa. Alaskanhuskyn perusominaisuuksiin on aina kuulunut tiivis ja hyvin peitt\u00e4v\u00e4 karva, joka ei kuitenkaan ole p\u00f6rr\u00f6isen paksu. Alusvilla on hyv\u00e4, se ei huopaannu helposti, ja p\u00e4\u00e4llyskarva suojaa tuulelta ja kosteudelta. Rekikoirina k\u00e4ytet\u00e4\u00e4n my\u00f6s ns. euro- ja skandinavian houndeina tunnettuja enemm\u00e4n vinttikoiramaisia koiria, joita n\u00e4kee erityisesti sprintti- ja keskipitk\u00e4n matkan kilpailuissa. N\u00e4it\u00e4 kahta koiratyyppi\u00e4 ei sovi sekoittaa kesken\u00e4\u00e4n, vaikka k\u00e4ytt\u00f6tarkoitus onkin hyvin pitk\u00e4lle sama. Alaskanhuskya ja houndityyppisi\u00e4 koiria voidaan ja on jalostettukin yhteen, esim vauhdin takia. <\/p>\n\n\n\n<p>Alaskanhusky p\u00e4rj\u00e4\u00e4 siis mainiosti talvella ulkona kun sill\u00e4 on suojanaan eristetty ja kuiva koppi. Pelkk\u00e4 s\u00e4\u00e4nsuoja ei ole riitt\u00e4v\u00e4 suoja my\u00f6sk\u00e4\u00e4n alaskanhuskylle jatkuvaan oleskeluun vaikka se voikin lyhyit\u00e4 taukoja pit\u00e4\u00e4 oljilla makoillen. <\/p>\n\n\n\n<p>Suomessa rekikoirilla ei ole pitk\u00e4\u00e4 historiaa, vaan ensimm\u00e4iset varsinaiset rekikoirat rantautuivat Suomeen vasta 1950\/60 luvuilla. Suomen talviolosuhteet eiv\u00e4t ole olleet otolliset koiravaljakolla ajamiseen paksun ja upottavan lumen vuoksi, toisin kuin Siperian, Gr\u00f6nlannin ja Alaskan laajoilla j\u00e4\u00e4tik\u00f6ill\u00e4. Voidaankin katsoa, ett\u00e4 valjakolla ajaminen mahdollistui meill\u00e4 moottorikelkan tulemisen my\u00f6t\u00e4, kun mets\u00e4\u00e4n ja umpihankeen saatiin tehty\u00e4 j\u00e4lki valjakkoa varten. <\/p>\n\n\n\n<p><\/p>\n\n\n\n<figure class=\"wp-block-embed is-type-video is-provider-youtube wp-block-embed-youtube wp-embed-aspect-16-9 wp-has-aspect-ratio\"><div class=\"wp-block-embed__wrapper\">\n<iframe loading=\"lazy\" title=\"Alaskan Sled Dogs: The Genetics and Selection of Elite Canine Athletes - Canine Health Summit 2022\" width=\"525\" height=\"295\" src=\"https:\/\/www.youtube.com\/embed\/75_2iyzNhts?feature=oembed\" frameborder=\"0\" allow=\"accelerometer; autoplay; clipboard-write; encrypted-media; gyroscope; picture-in-picture; web-share\" referrerpolicy=\"strict-origin-when-cross-origin\" allowfullscreen><\/iframe>\n<\/div><figcaption class=\"wp-element-caption\">Heather Huson, Ph.D., el\u00e4ingenetiikan apulaisprofessori, Cornellin yliopiston el\u00e4intieteiden laitokselta, k\u00e4sittelee rekikoirien risteytyksen ja suorituskyvyn valinnan monimutkaista historiaa, mik\u00e4 tekee niist\u00e4 geneettisesti monimuotoisempia ja kest\u00e4v\u00e4mpi\u00e4 kuin monet muut koirat. N\u00e4m\u00e4 tekij\u00e4t tekev\u00e4t Alaskan rekikoirasta ainutlaatuisen koiratyypin syntyper\u00e4n, sopeutumisen ja urheilullisen suorituskyvyn genetiikan tutkimiseen.<\/figcaption><\/figure>\n\n\n\n<p>Alaskanhuskyn m\u00e4\u00e4ritelm\u00e4 lyhyesti:<\/p>\n\n\n\n<ul class=\"wp-block-list\">\n<li>alaskanhusky on alkuper\u00e4lt\u00e4\u00e4n intiaanien kyl\u00e4koira, jota on k\u00e4ytetty rekikoirana vuosisatoja<\/li>\n\n\n\n<li>alaskanhuskyn yleism\u00e4\u00e4ritelm\u00e4n\u00e4 voidaan pit\u00e4\u00e4: tiivis karvapeite, hyv\u00e4 ruokahalu,  avoin ja sosiaalinen luonne, fyysisesti pitk\u00e4kestoiseen suoritukseen kykenev\u00e4 rekikoira<\/li>\n\n\n\n<li>alaskanhuskyn ulkomuoto voi vaihdella paljon niin karvapeitteen pituuden, v\u00e4rin, silmien v\u00e4rin kuin korvien asennon osalta. N\u00e4m\u00e4 eiv\u00e4t ole ensisijaisia asioita jalostuksellisessa mieless\u00e4. <\/li>\n\n\n\n<li>t\u00e4n\u00e4 p\u00e4iv\u00e4n\u00e4 alaskanhusky on geneettisesti yksi terveimpi\u00e4, ellei jopa tervein, koiratyyppi. Puhtaasti sen vuoksi, ett\u00e4 terveydellisesti t\u00e4rkeit\u00e4 ominaisuuksia on vaalittu jalostuksessa vuosikymmeni\u00e4. Jalostuksessa on k\u00e4ytetty aina valjakon parhaita koiria, joissa yhdistyy terveen ja hyv\u00e4n k\u00e4ytt\u00f6koiran ominaisuudet.<\/li>\n\n\n\n<li>alaskanhusky on ensisijaisesti laumakoira, jolle muiden koirien kanssa sosiaalinen kanssak\u00e4yminen ja yhdess\u00e4 tekeminen on ensisijaisen t\u00e4rke\u00e4\u00e4<\/li>\n<\/ul>\n","protected":false},"excerpt":{"rendered":"<p>Alaskanhusky on rekikoira tyyppi, joka ei ole rekister\u00f6ity miss\u00e4\u00e4n maassa omaksi rodukseen, mutta se tunnustetaan ja tunnistetaan rekikoirapiireiss\u00e4 hyvinkin selv\u00e4sti omaksi koiratyypiksi. Alaskanhuskylla ei ole siis rotum\u00e4\u00e4ritelm\u00e4\u00e4 siin\u00e4 mieless\u00e4 kuin rotukoiramaailmassa rotum\u00e4\u00e4ritelm\u00e4t k\u00e4sitet\u00e4\u00e4n, vaan alaskanhuskyn m\u00e4\u00e4ritelm\u00e4 tulee sen k\u00e4ytt\u00f6tarkoituksen mukaan, se on jalostettu vet\u00e4m\u00e4\u00e4n reke\u00e4. Tyypillinen alaskanhusky on kooltaan noin n. 20-30 kg, tiivisturkkinen, valpas &hellip; <\/p>\n<p class=\"link-more\"><a href=\"https:\/\/koiravaljakkoyrittajat.fi\/index.php\/alaskanhusky\/\" class=\"more-link\">Jatka lukemista<span class=\"screen-reader-text\"> &#8221;Alaskanhusky&#8221;<\/span><\/a><\/p>\n","protected":false},"author":1,"featured_media":0,"parent":0,"menu_order":0,"comment_status":"closed","ping_status":"closed","template":"","meta":{"footnotes":""},"class_list":["post-161","page","type-page","status-publish","hentry"],"_links":{"self":[{"href":"https:\/\/koiravaljakkoyrittajat.fi\/index.php\/wp-json\/wp\/v2\/pages\/161","targetHints":{"allow":["GET"]}}],"collection":[{"href":"https:\/\/koiravaljakkoyrittajat.fi\/index.php\/wp-json\/wp\/v2\/pages"}],"about":[{"href":"https:\/\/koiravaljakkoyrittajat.fi\/index.php\/wp-json\/wp\/v2\/types\/page"}],"author":[{"embeddable":true,"href":"https:\/\/koiravaljakkoyrittajat.fi\/index.php\/wp-json\/wp\/v2\/users\/1"}],"replies":[{"embeddable":true,"href":"https:\/\/koiravaljakkoyrittajat.fi\/index.php\/wp-json\/wp\/v2\/comments?post=161"}],"version-history":[{"count":4,"href":"https:\/\/koiravaljakkoyrittajat.fi\/index.php\/wp-json\/wp\/v2\/pages\/161\/revisions"}],"predecessor-version":[{"id":165,"href":"https:\/\/koiravaljakkoyrittajat.fi\/index.php\/wp-json\/wp\/v2\/pages\/161\/revisions\/165"}],"wp:attachment":[{"href":"https:\/\/koiravaljakkoyrittajat.fi\/index.php\/wp-json\/wp\/v2\/media?parent=161"}],"curies":[{"name":"wp","href":"https:\/\/api.w.org\/{rel}","templated":true}]}}